{"id":31,"date":"2021-06-09T04:17:45","date_gmt":"2021-06-09T04:17:45","guid":{"rendered":"http:\/\/localhost\/?page_id=31"},"modified":"2023-05-05T00:56:43","modified_gmt":"2023-05-05T00:56:43","slug":"create-smart-solutions","status":"publish","type":"page","link":"http:\/\/creacontecnologia.mx\/en\/about\/create-smart-solutions\/","title":{"rendered":"About"},"content":{"rendered":"<div class=\"grid\">\n<div class=\"col-1-2 fade-in-fast\">\n<p>Our Mexico based company, located in Monterrey, Mexico. Our main office where we serve all our clients in Mexico. We are committed to bring the most innovative solutions for the systems integration industry in the Country. From our exclusive brands to our unmatched customer service we thrive on the idea of treating our clients as our very own family through our Partner program.<\/p>\n<p>Our USA based company, located in San Antonio, Texas. Our office where we serve all our clients in the Continental USA. We are committed to bring the most innovative solutions for the systems integration industry in the Country. From our exclusive brands to our unmatched customer service we thrive on the idea of treating our clients as our very own family through our Partner program.<\/p>\n<div class=\"col-1-2 fade-in-fast active-letter-animation\" data-sr-id=\"2\"><\/div>\n<\/div>\n<div class=\"col-1-2 fade-in-fast\">\n<div class=\"pad-img\"><img decoding=\"async\" src=\"\/wp-content\/themes\/createsmart\/assets\/images\/create_1.jpg\" alt=\"\"><\/div>\n<\/div>\n<\/div>","protected":false},"excerpt":{"rendered":"<p>Nuestra compa\u00f1\u00eda en M\u00e9xico, ubicada en Monterrey NL, es nuestra division de Integration donde usamos la tecnolog\u00eda para hacer realidad los sue\u00f1os de nuestros clientes. Usamos nuestros propios productos y adem\u00e1s tenemos alianzas con otras empresas de distribuci\u00f3n dentro del pa\u00eds lo que nos permite utilizar siempre la mejor tecnolog\u00eda y as\u00ed hacer las mejores [&hellip;]<\/p>","protected":false},"author":1,"featured_media":0,"parent":24,"menu_order":0,"comment_status":"closed","ping_status":"closed","template":"","meta":{"footnotes":""},"_links":{"self":[{"href":"http:\/\/creacontecnologia.mx\/en\/wp-json\/wp\/v2\/pages\/31"}],"collection":[{"href":"http:\/\/creacontecnologia.mx\/en\/wp-json\/wp\/v2\/pages"}],"about":[{"href":"http:\/\/creacontecnologia.mx\/en\/wp-json\/wp\/v2\/types\/page"}],"author":[{"embeddable":true,"href":"http:\/\/creacontecnologia.mx\/en\/wp-json\/wp\/v2\/users\/1"}],"replies":[{"embeddable":true,"href":"http:\/\/creacontecnologia.mx\/en\/wp-json\/wp\/v2\/comments?post=31"}],"version-history":[{"count":13,"href":"http:\/\/creacontecnologia.mx\/en\/wp-json\/wp\/v2\/pages\/31\/revisions"}],"predecessor-version":[{"id":10062,"href":"http:\/\/creacontecnologia.mx\/en\/wp-json\/wp\/v2\/pages\/31\/revisions\/10062"}],"up":[{"embeddable":true,"href":"http:\/\/creacontecnologia.mx\/en\/wp-json\/wp\/v2\/pages\/24"}],"wp:attachment":[{"href":"http:\/\/creacontecnologia.mx\/en\/wp-json\/wp\/v2\/media?parent=31"}],"curies":[{"name":"wp","href":"https:\/\/api.w.org\/{rel}","templated":true}]}}