{"id":48,"date":"2021-06-09T04:22:10","date_gmt":"2021-06-09T04:22:10","guid":{"rendered":"http:\/\/localhost\/?page_id=48"},"modified":"2023-05-05T00:58:41","modified_gmt":"2023-05-05T00:58:41","slug":"hd-anywhere","status":"publish","type":"page","link":"http:\/\/creacontecnologia.mx\/en\/brands\/hd-anywhere\/","title":{"rendered":"HDAnywhere"},"content":{"rendered":"<div class=\"grid\">\n<div class=\"col-1-2 fade-in-fast\">\n<p>HDANYWHERE seeks to make centralized entertainment more mainstream and to change the relationship people have with AV for the better. Modern homes are filled with more technology than ever before. Undoubtedly, the most modern entertainment systems are ones that not only integrate into the very fabric of our buildings but also our everyday life.<\/p>\n<p><a class=\"brands_logo\" target=\"_blank\" href=\"https:\/\/www.hdanywhere.com\/\" rel=\"noopener\"><img decoding=\"async\" src=\"\/wp-content\/themes\/createsmart\/assets\/images\/brands_6.png\" alt=\"\"><\/a><\/p>\n<\/div>\n<div class=\"col-1-2 fade-in-fast\">\n<div class=\"pad-img\"><img decoding=\"async\" src=\"\/wp-content\/themes\/createsmart\/assets\/images\/hdanywere_1.jpg\" alt=\"\"><\/div>\n<\/div>\n<\/div>","protected":false},"excerpt":{"rendered":"<p>HDANYWHERE ofrece un sistema de entretenimiento centralizado que busca alcanzar a m\u00e1s personas y mejorar para bien la relaci\u00f3n que tenemos con nuestros aparatos de Audio y Video. Las residencias modernas est\u00e1n llenas de tecnolog\u00eda, m\u00e1s que nunca, sin duda, los m\u00e1s modernos sistemas de entretenimiento no solo deben de integrarse en nuestros proyectos sino [&hellip;]<\/p>","protected":false},"author":1,"featured_media":0,"parent":38,"menu_order":0,"comment_status":"closed","ping_status":"closed","template":"","meta":{"footnotes":""},"_links":{"self":[{"href":"http:\/\/creacontecnologia.mx\/en\/wp-json\/wp\/v2\/pages\/48"}],"collection":[{"href":"http:\/\/creacontecnologia.mx\/en\/wp-json\/wp\/v2\/pages"}],"about":[{"href":"http:\/\/creacontecnologia.mx\/en\/wp-json\/wp\/v2\/types\/page"}],"author":[{"embeddable":true,"href":"http:\/\/creacontecnologia.mx\/en\/wp-json\/wp\/v2\/users\/1"}],"replies":[{"embeddable":true,"href":"http:\/\/creacontecnologia.mx\/en\/wp-json\/wp\/v2\/comments?post=48"}],"version-history":[{"count":9,"href":"http:\/\/creacontecnologia.mx\/en\/wp-json\/wp\/v2\/pages\/48\/revisions"}],"predecessor-version":[{"id":10068,"href":"http:\/\/creacontecnologia.mx\/en\/wp-json\/wp\/v2\/pages\/48\/revisions\/10068"}],"up":[{"embeddable":true,"href":"http:\/\/creacontecnologia.mx\/en\/wp-json\/wp\/v2\/pages\/38"}],"wp:attachment":[{"href":"http:\/\/creacontecnologia.mx\/en\/wp-json\/wp\/v2\/media?parent=48"}],"curies":[{"name":"wp","href":"https:\/\/api.w.org\/{rel}","templated":true}]}}